{"id":2138,"date":"2024-04-23T20:47:52","date_gmt":"2024-04-23T18:47:52","guid":{"rendered":"https:\/\/www-2023.centromap.uniroma2.it\/?page_id=2138"},"modified":"2025-11-17T17:18:50","modified_gmt":"2025-11-17T16:18:50","slug":"home","status":"publish","type":"page","link":"https:\/\/www-2023.centromap.uniroma2.it\/en\/","title":{"rendered":"Homepage"},"content":{"rendered":"<div class=\"wp-block-cover\"><img loading=\"lazy\" decoding=\"async\" width=\"2560\" height=\"1654\" class=\"wp-block-cover__image-background wp-image-2418\" alt=\"MAP centro interuniversitario memoria arti performative\" src=\"https:\/\/www-2023.centromap.uniroma2.it\/wp-content\/uploads\/2024\/04\/20_per-identita-o-home-scaled.jpg\" style=\"object-position:50% 20%\" data-object-fit=\"cover\" data-object-position=\"50% 20%\" srcset=\"https:\/\/www-2023.centromap.uniroma2.it\/wp-content\/uploads\/2024\/04\/20_per-identita-o-home-scaled.jpg 2560w, https:\/\/www-2023.centromap.uniroma2.it\/wp-content\/uploads\/2024\/04\/20_per-identita-o-home-300x194.jpg 300w, https:\/\/www-2023.centromap.uniroma2.it\/wp-content\/uploads\/2024\/04\/20_per-identita-o-home-768x496.jpg 768w, https:\/\/www-2023.centromap.uniroma2.it\/wp-content\/uploads\/2024\/04\/20_per-identita-o-home-2048x1323.jpg 2048w\" sizes=\"auto, (max-width: 2560px) 100vw, 2560px\" \/><span aria-hidden=\"true\" class=\"wp-block-cover__background has-black-background-color has-background-dim\"><\/span><div class=\"wp-block-cover__inner-container is-layout-flow wp-block-cover-is-layout-flow\">\n<div style=\"height:var(--wp--preset--spacing--40)\" aria-hidden=\"true\" class=\"wp-block-spacer\"><\/div>\n\n\n\n<h1 class=\"wp-block-heading has-text-align-center has-white-color has-text-color has-link-color wp-elements-8635da829ff3bb711e4ceb3b0430b0b9\" style=\"font-size:100px\"><strong>MAP<\/strong><\/h1>\n\n\n\n<div style=\"height:var(--wp--preset--spacing--80)\" aria-hidden=\"true\" class=\"wp-block-spacer\"><\/div>\n\n\n\n<h1 class=\"wp-block-heading has-text-align-center has-white-color has-text-color has-link-color has-large-font-size wp-elements-784c6c52770ccfee351b17dfff9c1519\"><strong>Interuniversity Research Centre<\/strong><\/h1>\n\n\n\n<h1 class=\"wp-block-heading has-text-align-center has-white-color has-text-color has-link-color has-large-font-size wp-elements-e79628d8bb42f310180f5cddd70395ae\"><strong>for the Memory of the Performing Arts<\/strong><\/h1>\n<\/div><\/div>\n\n\n\n<hr class=\"wp-block-separator aligncenter has-text-color has-alpha-channel-opacity has-background is-style-wide\" style=\"background-color:#9d1b0e;color:#9d1b0e\"\/>\n\n\n\n<div class=\"wp-block-media-text is-stacked-on-mobile is-vertically-aligned-center\"><figure class=\"wp-block-media-text__media\"><video controls src=\"https:\/\/www-2023.centromap.uniroma2.it\/wp-content\/uploads\/2023\/12\/clip3_convertita.mp4\"><\/video><\/figure><div class=\"wp-block-media-text__content\">\n<p class=\"translation-block\"><strong>MAP<\/strong> is an interuniversity research centre established among the <a href=\"https:\/\/web.uniroma2.it\/en\/\" target=\"_blank\" rel=\"noreferrer noopener\"><strong>University of Rome Tor Vergata<\/strong><\/a>, the <a href=\"https:\/\/www.unipr.it\/en\" target=\"_blank\" rel=\"noreferrer noopener\"><strong>University of Parma<\/strong><\/a>, and the <a href=\"https:\/\/unige.it\/\" target=\"_blank\" rel=\"noreferrer noopener\"><strong>University of Genoa<\/strong><\/a> to develop research and projects, organize meetings and seminars, and curate and share reflections on the memory of the performing arts, as both tangible and intangible heritage.<br>\n<strong>MAP<\/strong> focuses on theatre, dance, performance, and also on those festive, ritual, political cultural practices where the performative element is crucial.<br>\n<strong>MAP<\/strong> pays attention to the ways in which memory is constructed, utilized, and reactivated.<br>\n<strong>MAP<\/strong> aims to activate multiple relationships between universities, theatres, archives, and society, becoming a platform for scientific, educational, and informative collaboration.<\/p>\n<\/div><\/div>\n\n\n\n<hr class=\"wp-block-separator aligncenter has-text-color has-alpha-channel-opacity has-background is-style-wide\" style=\"background-color:#9d1b0e;color:#9d1b0e\"\/>\n\n\n\n<p class=\"has-text-align-center has-black-color has-text-color has-link-color has-x-large-font-size wp-elements-ff2e021f18234e2aabfb28bba1580eb5\"><strong>Highlights<\/strong><\/p>\n\n\n\n<hr class=\"wp-block-separator aligncenter has-text-color has-white-color has-alpha-channel-opacity has-white-background-color has-background is-style-default\"\/>\n\n\n\n<div class=\"wp-block-media-text is-stacked-on-mobile is-vertically-aligned-center\" style=\"grid-template-columns:15% auto\"><figure class=\"wp-block-media-text__media\"><img loading=\"lazy\" decoding=\"async\" width=\"724\" height=\"1024\" src=\"https:\/\/www-2023.centromap.uniroma2.it\/wp-content\/uploads\/2025\/11\/incontro-Martinelli_per-un-lessico-5_page-0001-724x1024.jpg\" alt=\"\" class=\"wp-image-2694 size-full\" srcset=\"https:\/\/www-2023.centromap.uniroma2.it\/wp-content\/uploads\/2025\/11\/incontro-Martinelli_per-un-lessico-5_page-0001-724x1024.jpg 724w, https:\/\/www-2023.centromap.uniroma2.it\/wp-content\/uploads\/2025\/11\/incontro-Martinelli_per-un-lessico-5_page-0001-212x300.jpg 212w, https:\/\/www-2023.centromap.uniroma2.it\/wp-content\/uploads\/2025\/11\/incontro-Martinelli_per-un-lessico-5_page-0001-768x1086.jpg 768w, https:\/\/www-2023.centromap.uniroma2.it\/wp-content\/uploads\/2025\/11\/incontro-Martinelli_per-un-lessico-5_page-0001-1086x1536.jpg 1086w, https:\/\/www-2023.centromap.uniroma2.it\/wp-content\/uploads\/2025\/11\/incontro-Martinelli_per-un-lessico-5_page-0001-8x12.jpg 8w, https:\/\/www-2023.centromap.uniroma2.it\/wp-content\/uploads\/2025\/11\/incontro-Martinelli_per-un-lessico-5_page-0001.jpg 1241w\" sizes=\"auto, (max-width: 724px) 100vw, 724px\" \/><\/figure><div class=\"wp-block-media-text__content\">\n<p class=\"has-black-color has-text-color has-link-color wp-elements-a87d90ea9426a1215b8865ca9b4e348b\"><\/p>\n\n\n\n<p class=\"has-black-color has-text-color has-link-color wp-elements-49f559d55f3629e27fa5878196549722\"><strong><strong><strong><strong><strong><strong><strong><strong><strong><strong>Marco Martinelli, &#8220;Coro&#8221;<\/strong><\/strong><\/strong><\/strong><\/strong><\/strong><\/strong><\/strong><\/strong><\/strong><\/p>\n\n\n\n<p class=\"has-black-color has-text-color has-link-color wp-elements-ae65b942cfa24a206221e6d480871d91\"><strong>18 novembre, ore 17.00<\/strong><br><strong>Online<\/strong><br><br>Terzo appuntamento del ciclo di seminari&nbsp;online sul tema &#8220;Per un Lessico delle arti performative&#8221;.<\/p>\n\n\n\n<div class=\"wp-block-buttons is-content-justification-center is-layout-flex wp-container-core-buttons-is-layout-16018d1d wp-block-buttons-is-layout-flex\">\n<div class=\"wp-block-button\"><a class=\"wp-block-button__link has-background has-text-align-left wp-element-button\" href=\"https:\/\/www-2023.centromap.uniroma2.it\/wp-content\/uploads\/2025\/11\/incontro-Martinelli_per-un-lessico-5-1.pdf\" style=\"background-color:#9d1b0e\" target=\"_blank\" rel=\"noreferrer noopener\">download poster<\/a><\/div>\n<\/div>\n<\/div><\/div>\n\n\n\n<div class=\"wp-block-media-text is-stacked-on-mobile is-vertically-aligned-center\" style=\"grid-template-columns:15% auto\"><figure class=\"wp-block-media-text__media\"><img loading=\"lazy\" decoding=\"async\" width=\"724\" height=\"1024\" src=\"https:\/\/www-2023.centromap.uniroma2.it\/wp-content\/uploads\/2025\/10\/MAP_Castello_pages-to-jpg-0001-724x1024.jpg\" alt=\"\" class=\"wp-image-2687 size-full\" srcset=\"https:\/\/www-2023.centromap.uniroma2.it\/wp-content\/uploads\/2025\/10\/MAP_Castello_pages-to-jpg-0001-724x1024.jpg 724w, https:\/\/www-2023.centromap.uniroma2.it\/wp-content\/uploads\/2025\/10\/MAP_Castello_pages-to-jpg-0001-212x300.jpg 212w, https:\/\/www-2023.centromap.uniroma2.it\/wp-content\/uploads\/2025\/10\/MAP_Castello_pages-to-jpg-0001-768x1086.jpg 768w, https:\/\/www-2023.centromap.uniroma2.it\/wp-content\/uploads\/2025\/10\/MAP_Castello_pages-to-jpg-0001-1086x1536.jpg 1086w, https:\/\/www-2023.centromap.uniroma2.it\/wp-content\/uploads\/2025\/10\/MAP_Castello_pages-to-jpg-0001-8x12.jpg 8w, https:\/\/www-2023.centromap.uniroma2.it\/wp-content\/uploads\/2025\/10\/MAP_Castello_pages-to-jpg-0001.jpg 1241w\" sizes=\"auto, (max-width: 724px) 100vw, 724px\" \/><\/figure><div class=\"wp-block-media-text__content\">\n<p class=\"has-black-color has-text-color has-link-color wp-elements-a87d90ea9426a1215b8865ca9b4e348b\"><\/p>\n\n\n\n<p class=\"has-black-color has-text-color has-link-color wp-elements-9329afd54832ebe0746c07113f240bb3\"><strong><strong><strong><strong><strong><strong><strong><strong><strong><strong>Roberto Castello, &#8220;Cheza&#8221;<\/strong><\/strong><\/strong><\/strong><\/strong><\/strong><\/strong><\/strong><\/strong><\/strong><\/p>\n\n\n\n<p class=\"has-black-color has-text-color has-link-color wp-elements-ec7284359e1cd9d8272467ba586802b5\"><strong>24 October 2025, h 17.00<\/strong><br><strong>Universit\u00e0 di Genova, Aula 9, via Balbi 2<\/strong><br><br>Secondo appuntamento del ciclo di seminari&nbsp;online sul tema &#8220;Per un Lessico delle arti performative&#8221;.<\/p>\n\n\n\n<div class=\"wp-block-buttons is-content-justification-center is-layout-flex wp-container-core-buttons-is-layout-16018d1d wp-block-buttons-is-layout-flex\">\n<div class=\"wp-block-button\"><a class=\"wp-block-button__link has-background has-text-align-left wp-element-button\" href=\"https:\/\/www-2023.centromap.uniroma2.it\/wp-content\/uploads\/2025\/10\/MAP_Castello.pdf\" style=\"background-color:#9d1b0e\" target=\"_blank\" rel=\"noreferrer noopener\">download poster<\/a><\/div>\n<\/div>\n<\/div><\/div>\n\n\n\n<hr class=\"wp-block-separator aligncenter has-alpha-channel-opacity is-style-default\"\/>\n\n\n\n<div style=\"height:0px\" aria-hidden=\"true\" class=\"wp-block-spacer\"><\/div>\n\n\n\n<hr class=\"wp-block-separator aligncenter has-text-color has-white-color has-alpha-channel-opacity has-white-background-color has-background\"\/>\n\n\n\n<p><\/p>","protected":false},"excerpt":{"rendered":"<p>MAP \u00e8 un centro interuniversitario di ricerca nato tra l&#8217;Universit\u00e0 degli Studi di Roma Tor Vergata, l&#8217;Universit\u00e0 degli Studi di Parma e l&#8217;Universit\u00e0 degli Studi di Genova per sviluppare ricerche e progetti, organizzare incontri e seminari, curare e condividere la<\/p>","protected":false},"author":1,"featured_media":0,"parent":0,"menu_order":0,"comment_status":"closed","ping_status":"closed","template":"","meta":{"footnotes":""},"class_list":["post-2138","page","type-page","status-publish","hentry"],"yoast_head":"<!-- This site is optimized with the Yoast SEO plugin v27.3 - https:\/\/yoast.com\/product\/yoast-seo-wordpress\/ -->\n<title>Homepage - MAP<\/title>\n<meta name=\"robots\" content=\"index, follow, max-snippet:-1, max-image-preview:large, max-video-preview:-1\" \/>\n<link rel=\"canonical\" href=\"https:\/\/www-2023.centromap.uniroma2.it\/en\/\" \/>\n<meta property=\"og:locale\" content=\"en_GB\" \/>\n<meta property=\"og:type\" content=\"article\" \/>\n<meta property=\"og:title\" content=\"Homepage - MAP\" \/>\n<meta property=\"og:description\" content=\"MAP \u00e8 un centro interuniversitario di ricerca nato tra l&#8217;Universit\u00e0 degli Studi di Roma Tor Vergata, l&#8217;Universit\u00e0 degli Studi di Parma e l&#8217;Universit\u00e0 degli Studi di Genova per sviluppare ricerche e progetti, organizzare incontri e seminari, curare e condividere la\" \/>\n<meta property=\"og:url\" content=\"https:\/\/www-2023.centromap.uniroma2.it\/en\/\" \/>\n<meta property=\"og:site_name\" content=\"MAP\" \/>\n<meta property=\"article:modified_time\" content=\"2025-11-17T16:18:50+00:00\" \/>\n<meta property=\"og:image\" content=\"https:\/\/www-2023.centromap.uniroma2.it\/wp-content\/uploads\/2024\/04\/20_per-identita-o-home-scaled.jpg\" \/>\n\t<meta property=\"og:image:width\" content=\"2560\" \/>\n\t<meta property=\"og:image:height\" content=\"1654\" \/>\n\t<meta property=\"og:image:type\" content=\"image\/jpeg\" \/>\n<meta name=\"twitter:card\" content=\"summary_large_image\" \/>\n<meta name=\"twitter:label1\" content=\"Est. reading time\" \/>\n\t<meta name=\"twitter:data1\" content=\"2 minutes\" \/>\n<script type=\"application\/ld+json\" class=\"yoast-schema-graph\">{\"@context\":\"https:\\\/\\\/schema.org\",\"@graph\":[{\"@type\":\"WebPage\",\"@id\":\"https:\\\/\\\/www-2023.centromap.uniroma2.it\\\/\",\"url\":\"https:\\\/\\\/www-2023.centromap.uniroma2.it\\\/\",\"name\":\"Homepage - MAP\",\"isPartOf\":{\"@id\":\"https:\\\/\\\/www-2023.centromap.uniroma2.it\\\/#website\"},\"primaryImageOfPage\":{\"@id\":\"https:\\\/\\\/www-2023.centromap.uniroma2.it\\\/#primaryimage\"},\"image\":{\"@id\":\"https:\\\/\\\/www-2023.centromap.uniroma2.it\\\/#primaryimage\"},\"thumbnailUrl\":\"https:\\\/\\\/www-2023.centromap.uniroma2.it\\\/wp-content\\\/uploads\\\/2024\\\/04\\\/20_per-identita-o-home-scaled.jpg\",\"datePublished\":\"2024-04-23T18:47:52+00:00\",\"dateModified\":\"2025-11-17T16:18:50+00:00\",\"breadcrumb\":{\"@id\":\"https:\\\/\\\/www-2023.centromap.uniroma2.it\\\/#breadcrumb\"},\"inLanguage\":\"en-GB\",\"potentialAction\":[{\"@type\":\"ReadAction\",\"target\":[\"https:\\\/\\\/www-2023.centromap.uniroma2.it\\\/\"]}]},{\"@type\":\"ImageObject\",\"inLanguage\":\"en-GB\",\"@id\":\"https:\\\/\\\/www-2023.centromap.uniroma2.it\\\/#primaryimage\",\"url\":\"https:\\\/\\\/www-2023.centromap.uniroma2.it\\\/wp-content\\\/uploads\\\/2024\\\/04\\\/20_per-identita-o-home-scaled.jpg\",\"contentUrl\":\"https:\\\/\\\/www-2023.centromap.uniroma2.it\\\/wp-content\\\/uploads\\\/2024\\\/04\\\/20_per-identita-o-home-scaled.jpg\"},{\"@type\":\"BreadcrumbList\",\"@id\":\"https:\\\/\\\/www-2023.centromap.uniroma2.it\\\/#breadcrumb\",\"itemListElement\":[{\"@type\":\"ListItem\",\"position\":1,\"name\":\"Home\",\"item\":\"https:\\\/\\\/www-2023.centromap.uniroma2.it\\\/\"},{\"@type\":\"ListItem\",\"position\":2,\"name\":\"Homepage\"}]},{\"@type\":\"WebSite\",\"@id\":\"https:\\\/\\\/www-2023.centromap.uniroma2.it\\\/#website\",\"url\":\"https:\\\/\\\/www-2023.centromap.uniroma2.it\\\/\",\"name\":\"MAP Centro Interuniversitario di Ricerca per la Memoria elle Arti Performative\",\"description\":\"Centro Interuniversitario di Ricerca per la Memoria delle Arti Performative\",\"publisher\":{\"@id\":\"https:\\\/\\\/www-2023.centromap.uniroma2.it\\\/#organization\"},\"alternateName\":\"centro MAP\",\"potentialAction\":[{\"@type\":\"SearchAction\",\"target\":{\"@type\":\"EntryPoint\",\"urlTemplate\":\"https:\\\/\\\/www-2023.centromap.uniroma2.it\\\/?s={search_term_string}\"},\"query-input\":{\"@type\":\"PropertyValueSpecification\",\"valueRequired\":true,\"valueName\":\"search_term_string\"}}],\"inLanguage\":\"en-GB\"},{\"@type\":\"Organization\",\"@id\":\"https:\\\/\\\/www-2023.centromap.uniroma2.it\\\/#organization\",\"name\":\"MAP centro interuniversitario di ricerca per la memoria delle arti performative\",\"url\":\"https:\\\/\\\/www-2023.centromap.uniroma2.it\\\/\",\"logo\":{\"@type\":\"ImageObject\",\"inLanguage\":\"en-GB\",\"@id\":\"https:\\\/\\\/www-2023.centromap.uniroma2.it\\\/#\\\/schema\\\/logo\\\/image\\\/\",\"url\":\"https:\\\/\\\/www-2023.centromap.uniroma2.it\\\/wp-content\\\/uploads\\\/2024\\\/04\\\/logo-web-transparent_130.png\",\"contentUrl\":\"https:\\\/\\\/www-2023.centromap.uniroma2.it\\\/wp-content\\\/uploads\\\/2024\\\/04\\\/logo-web-transparent_130.png\",\"width\":130,\"height\":117,\"caption\":\"MAP centro interuniversitario di ricerca per la memoria delle arti performative\"},\"image\":{\"@id\":\"https:\\\/\\\/www-2023.centromap.uniroma2.it\\\/#\\\/schema\\\/logo\\\/image\\\/\"}}]}<\/script>\n<!-- \/ Yoast SEO plugin. -->","yoast_head_json":{"title":"Homepage - MAP","robots":{"index":"index","follow":"follow","max-snippet":"max-snippet:-1","max-image-preview":"max-image-preview:large","max-video-preview":"max-video-preview:-1"},"canonical":"https:\/\/www-2023.centromap.uniroma2.it\/en\/","og_locale":"en_GB","og_type":"article","og_title":"Homepage - MAP","og_description":"MAP \u00e8 un centro interuniversitario di ricerca nato tra l&#8217;Universit\u00e0 degli Studi di Roma Tor Vergata, l&#8217;Universit\u00e0 degli Studi di Parma e l&#8217;Universit\u00e0 degli Studi di Genova per sviluppare ricerche e progetti, organizzare incontri e seminari, curare e condividere la","og_url":"https:\/\/www-2023.centromap.uniroma2.it\/en\/","og_site_name":"MAP","article_modified_time":"2025-11-17T16:18:50+00:00","og_image":[{"width":2560,"height":1654,"url":"https:\/\/www-2023.centromap.uniroma2.it\/wp-content\/uploads\/2024\/04\/20_per-identita-o-home-scaled.jpg","type":"image\/jpeg"}],"twitter_card":"summary_large_image","twitter_misc":{"Est. reading time":"2 minutes"},"schema":{"@context":"https:\/\/schema.org","@graph":[{"@type":"WebPage","@id":"https:\/\/www-2023.centromap.uniroma2.it\/","url":"https:\/\/www-2023.centromap.uniroma2.it\/","name":"Homepage - MAP","isPartOf":{"@id":"https:\/\/www-2023.centromap.uniroma2.it\/#website"},"primaryImageOfPage":{"@id":"https:\/\/www-2023.centromap.uniroma2.it\/#primaryimage"},"image":{"@id":"https:\/\/www-2023.centromap.uniroma2.it\/#primaryimage"},"thumbnailUrl":"https:\/\/www-2023.centromap.uniroma2.it\/wp-content\/uploads\/2024\/04\/20_per-identita-o-home-scaled.jpg","datePublished":"2024-04-23T18:47:52+00:00","dateModified":"2025-11-17T16:18:50+00:00","breadcrumb":{"@id":"https:\/\/www-2023.centromap.uniroma2.it\/#breadcrumb"},"inLanguage":"en-GB","potentialAction":[{"@type":"ReadAction","target":["https:\/\/www-2023.centromap.uniroma2.it\/"]}]},{"@type":"ImageObject","inLanguage":"en-GB","@id":"https:\/\/www-2023.centromap.uniroma2.it\/#primaryimage","url":"https:\/\/www-2023.centromap.uniroma2.it\/wp-content\/uploads\/2024\/04\/20_per-identita-o-home-scaled.jpg","contentUrl":"https:\/\/www-2023.centromap.uniroma2.it\/wp-content\/uploads\/2024\/04\/20_per-identita-o-home-scaled.jpg"},{"@type":"BreadcrumbList","@id":"https:\/\/www-2023.centromap.uniroma2.it\/#breadcrumb","itemListElement":[{"@type":"ListItem","position":1,"name":"Home","item":"https:\/\/www-2023.centromap.uniroma2.it\/"},{"@type":"ListItem","position":2,"name":"Homepage"}]},{"@type":"WebSite","@id":"https:\/\/www-2023.centromap.uniroma2.it\/#website","url":"https:\/\/www-2023.centromap.uniroma2.it\/","name":"MAP Centro Interuniversitario di Ricerca per la Memoria elle Arti Performative","description":"Interuniversity Research Centre for the Memory of the Performing Arts","publisher":{"@id":"https:\/\/www-2023.centromap.uniroma2.it\/#organization"},"alternateName":"centro MAP","potentialAction":[{"@type":"SearchAction","target":{"@type":"EntryPoint","urlTemplate":"https:\/\/www-2023.centromap.uniroma2.it\/?s={search_term_string}"},"query-input":{"@type":"PropertyValueSpecification","valueRequired":true,"valueName":"search_term_string"}}],"inLanguage":"en-GB"},{"@type":"Organization","@id":"https:\/\/www-2023.centromap.uniroma2.it\/#organization","name":"MAP centro interuniversitario di ricerca per la memoria delle arti performative","url":"https:\/\/www-2023.centromap.uniroma2.it\/","logo":{"@type":"ImageObject","inLanguage":"en-GB","@id":"https:\/\/www-2023.centromap.uniroma2.it\/#\/schema\/logo\/image\/","url":"https:\/\/www-2023.centromap.uniroma2.it\/wp-content\/uploads\/2024\/04\/logo-web-transparent_130.png","contentUrl":"https:\/\/www-2023.centromap.uniroma2.it\/wp-content\/uploads\/2024\/04\/logo-web-transparent_130.png","width":130,"height":117,"caption":"MAP centro interuniversitario di ricerca per la memoria delle arti performative"},"image":{"@id":"https:\/\/www-2023.centromap.uniroma2.it\/#\/schema\/logo\/image\/"}}]}},"_links":{"self":[{"href":"https:\/\/www-2023.centromap.uniroma2.it\/en\/wp-json\/wp\/v2\/pages\/2138","targetHints":{"allow":["GET"]}}],"collection":[{"href":"https:\/\/www-2023.centromap.uniroma2.it\/en\/wp-json\/wp\/v2\/pages"}],"about":[{"href":"https:\/\/www-2023.centromap.uniroma2.it\/en\/wp-json\/wp\/v2\/types\/page"}],"author":[{"embeddable":true,"href":"https:\/\/www-2023.centromap.uniroma2.it\/en\/wp-json\/wp\/v2\/users\/1"}],"replies":[{"embeddable":true,"href":"https:\/\/www-2023.centromap.uniroma2.it\/en\/wp-json\/wp\/v2\/comments?post=2138"}],"version-history":[{"count":42,"href":"https:\/\/www-2023.centromap.uniroma2.it\/en\/wp-json\/wp\/v2\/pages\/2138\/revisions"}],"predecessor-version":[{"id":2703,"href":"https:\/\/www-2023.centromap.uniroma2.it\/en\/wp-json\/wp\/v2\/pages\/2138\/revisions\/2703"}],"wp:attachment":[{"href":"https:\/\/www-2023.centromap.uniroma2.it\/en\/wp-json\/wp\/v2\/media?parent=2138"}],"curies":[{"name":"wp","href":"https:\/\/api.w.org\/{rel}","templated":true}]}}