{"id":1888,"date":"2024-01-15T08:12:38","date_gmt":"2024-01-15T07:12:38","guid":{"rendered":"https:\/\/www-2023.centromap.uniroma2.it\/?page_id=1888"},"modified":"2024-04-28T15:02:10","modified_gmt":"2024-04-28T13:02:10","slug":"identita","status":"publish","type":"page","link":"https:\/\/www-2023.centromap.uniroma2.it\/en\/identita\/","title":{"rendered":"identita"},"content":{"rendered":"<div class=\"wp-block-cover is-light\"><span aria-hidden=\"true\" class=\"wp-block-cover__background has-white-background-color has-background-dim-0 has-background-dim\"><\/span><img loading=\"lazy\" decoding=\"async\" width=\"1500\" height=\"800\" class=\"wp-block-cover__image-background wp-image-1268\" alt=\"\" src=\"https:\/\/www-2023.centromap.uniroma2.it\/wp-content\/uploads\/2023\/10\/VUOTO-DI-MEMORIA-VI_scalata.jpg\" data-object-fit=\"cover\"\/><div class=\"wp-block-cover__inner-container is-layout-flow wp-block-cover-is-layout-flow\">\n<h2 class=\"wp-block-heading has-text-align-center has-black-color has-text-color has-link-color wp-elements-827f812d22613e921feb3869ee2034ab\" style=\"font-size:60px;font-style:normal;font-weight:800\">IDENTITY<\/h2>\n<\/div><\/div>\n\n\n\n<hr class=\"wp-block-separator aligncenter has-alpha-channel-opacity\"\/>\n\n\n\n<p class=\"translation-block\"><strong>MAP<\/strong> is an interuniversity research centre established to develop research and projects, organize meetings and seminars, develop new university teaching methodologies, and curate and share reflections on the memory of the performing arts as both tangible and intangible heritage.<br><strong>MAP<\/strong> considers memory as a historical and cultural category and focuses on theatre, dance, performance, and those festive, ritual, political cultural practices where the performative element is crucial.<br><strong>MAP<\/strong> is attentive to the ways in which memory is constructed, utilized, and reactivated: particularly through orality and the interaction of orality\/writing\/image.<br><strong>MAP<\/strong> aims to activate multiple relationships between universities, theatres, artists, archives, and society, becoming a platform for scientific, educational, and informative collaboration.<\/p>\n\n\n\n<p>MAP's work is structured along three axes:<\/p>\n\n\n\n<div class=\"wp-block-media-text is-stacked-on-mobile\" style=\"grid-template-columns:36% auto\"><figure class=\"wp-block-media-text__media\"><a href=\"https:\/\/www-2023.centromap.uniroma2.it\/wp-content\/uploads\/2023\/10\/Europeana.eu-1_tagliata.jpeg\"><img loading=\"lazy\" decoding=\"async\" width=\"1070\" height=\"1346\" src=\"https:\/\/www-2023.centromap.uniroma2.it\/wp-content\/uploads\/2023\/10\/Europeana.eu-1_tagliata.jpeg\" alt=\"\" class=\"wp-image-953 size-full\"\/><\/a><\/figure><div class=\"wp-block-media-text__content\">\n<p><em>Memory, Documentation, and Epistemology of Sources<\/em><\/p>\n\n\n\n<p class=\"translation-block\">The issue of memory is inevitably linked to that of historiographical narration, becoming part of the national and international debate on theatre studies and their ability to address the crucial identity issue of the performing arts.<br>Memory, understood as the collection of documents\/monuments that constitute it, demands new attentiveness and sensitivity: towards the role that documentation plays in the processes of transmission and construction of the history of theatre and performance; towards the policies for the conservation and reactivation of tangible and intangible performative heritage; towards the methodological integration between traditional sources and oral history; towards the dialectic between productive-institutional contexts and artistic projects.<\/p>\n<\/div><\/div>\n\n\n\n<div class=\"wp-block-media-text has-media-on-the-right is-stacked-on-mobile\" style=\"grid-template-columns:auto 45%\"><div class=\"wp-block-media-text__content\">\n<p><em>Reactivation of Theatrical and Performative Heritage and Artistic Processes<\/em><\/p>\n\n\n\n<p class=\"translation-block\">The reactivation of theatrical and performative heritage is a crucial research area for MAP. Currently, this work is pursued along two tracks.<br>On one hand, historically and under the category of memorability, through the study of interconnections between texts and images in the ephemeral culture of the Renaissance festival; the processes of transmission and reactivation (thus reception) of the ancient; mnemonic processes in premodern performative theories and practices.<br>On the other hand, according to a new methodological approach to the study of performance art documentation, through the understanding that documents are not mere vehicles of information about past events, but devices that actively shape the memory of these events in relation to certain representation strategies of different agents (performers, artists, photographers, filmmakers, historians, archivists, artistic institutions...).<\/p>\n<\/div><figure class=\"wp-block-media-text__media\"><a href=\"https:\/\/www-2023.centromap.uniroma2.it\/wp-content\/uploads\/2023\/11\/warburg-studio-muse.jpeg\"><img loading=\"lazy\" decoding=\"async\" width=\"1863\" height=\"2454\" src=\"https:\/\/www-2023.centromap.uniroma2.it\/wp-content\/uploads\/2023\/11\/warburg-studio-muse.jpeg\" alt=\"\" class=\"wp-image-1664 size-full\"\/><\/a><\/figure><\/div>\n\n\n\n<div class=\"wp-block-media-text is-stacked-on-mobile\" style=\"grid-template-columns:36% auto\"><figure class=\"wp-block-media-text__media\"><a href=\"https:\/\/www-2023.centromap.uniroma2.it\/wp-content\/uploads\/2024\/04\/maggio-drammatico_04.b_scalata-1.jpg\"><img loading=\"lazy\" decoding=\"async\" width=\"275\" height=\"366\" src=\"https:\/\/www-2023.centromap.uniroma2.it\/wp-content\/uploads\/2024\/04\/maggio-drammatico_04.b_scalata-1.jpg\" alt=\"\" class=\"wp-image-2173 size-full\" srcset=\"https:\/\/www-2023.centromap.uniroma2.it\/wp-content\/uploads\/2024\/04\/maggio-drammatico_04.b_scalata-1.jpg 275w, https:\/\/www-2023.centromap.uniroma2.it\/wp-content\/uploads\/2024\/04\/maggio-drammatico_04.b_scalata-1-225x300.jpg 225w\" sizes=\"auto, (max-width: 275px) 100vw, 275px\" \/><\/a><\/figure><div class=\"wp-block-media-text__content\">\n<p><em>Memories, Territories, and Artistic Practices<\/em><\/p>\n\n\n\n<p>Today, artists are asked to undertake interventions and projects conceived in terms of \"urban regeneration\": this demand blooms on paradigms of long, indeed very long duration, as the historical intertwining between theatres and places, between the ways of operating of the performing arts and the territories in which they come to life, understood both in geographic and in linguistic-cultural and anthropological terms, is well established. MAP's goal is to curate and promote paths of memory of the performing arts, festive traditions, and the festival phenomenon, which are always 'situated' and take into account their complexities in anthropological, community, and socio-political terms.<\/p>\n<\/div><\/div>\n\n\n\n<hr class=\"wp-block-separator aligncenter has-alpha-channel-opacity\"\/>\n\n\n\n<p><em><a href=\"https:\/\/www-2023.centromap.uniroma2.it\/wp-content\/uploads\/2023\/10\/VUOTO-DI-MEMORIA-VI_scalata.jpg\" target=\"_blank\" rel=\"noreferrer noopener\"><strong>Header Image<\/strong><\/a><\/em>\u00a0: Vittorio Pavoncello,\u00a0<em>Vuoto di memoria. VI\u00a0<\/em>\u2013 courtesy of the artist (<a href=\"http:\/\/www.vittoriopavoncello.net\/\" target=\"_blank\" rel=\"noreferrer noopener\">vittoriopavoncello.net<\/a>) <br>1\u00a0: Robert Zahornicky,\u00a0<em>Jochen Gerz at the Performance Festival of Vienna<\/em>, 1978. Landessammlungen Nieder\u00f6sterreich, Lower Austria \u2013 InC-EDU 1.0<br>2<em>\u00a0<\/em>: Aby Warburg, study on the Muses (preparatory panel for the Mnemosyne Atlas), detail, 1926. Warburg Institute \u2013 public domani<br>3 : Arnaldo Fontanini (L) and Viviano Chesi (R), Compagnia Val Dolo, Maggi di Romanoro, 1990-1999c. Archivio Fontanini \u2013 courtesy of the Fontanini family<\/p>","protected":false},"excerpt":{"rendered":"<p>MAP \u00e8 un centro interuniversitario di ricerca nato per sviluppare ricerche e progetti, organizzare incontri e seminari, elaborare nuove metodologie di insegnamento universitario, curare e condividere la riflessione sulla memoria delle arti performative, in quanto patrimonio materiale e immateriale.MAP intende<\/p>","protected":false},"author":1,"featured_media":0,"parent":0,"menu_order":0,"comment_status":"closed","ping_status":"closed","template":"","meta":{"footnotes":""},"class_list":["post-1888","page","type-page","status-publish","hentry"],"yoast_head":"<!-- This site is optimized with the Yoast SEO plugin v27.3 - https:\/\/yoast.com\/product\/yoast-seo-wordpress\/ -->\n<title>MAP identit\u00e0<\/title>\n<meta name=\"description\" content=\"MAP sviluppa ricerche e progetti sulle modalit\u00e0 in cui la memoria delle arti performative \u00e8 costruita, utilizzata e riattivata.\" \/>\n<meta name=\"robots\" content=\"index, follow, max-snippet:-1, max-image-preview:large, max-video-preview:-1\" \/>\n<link rel=\"canonical\" href=\"https:\/\/www-2023.centromap.uniroma2.it\/en\/identita\/\" \/>\n<meta property=\"og:locale\" content=\"en_GB\" \/>\n<meta property=\"og:type\" content=\"article\" \/>\n<meta property=\"og:title\" content=\"MAP identit\u00e0\" \/>\n<meta property=\"og:description\" content=\"MAP sviluppa ricerche e progetti sulle modalit\u00e0 in cui la memoria delle arti performative \u00e8 costruita, utilizzata e riattivata.\" \/>\n<meta property=\"og:url\" content=\"https:\/\/www-2023.centromap.uniroma2.it\/en\/identita\/\" \/>\n<meta property=\"og:site_name\" content=\"MAP\" \/>\n<meta property=\"article:modified_time\" content=\"2024-04-28T13:02:10+00:00\" \/>\n<meta property=\"og:image\" content=\"https:\/\/www-2023.centromap.uniroma2.it\/wp-content\/uploads\/2023\/10\/VUOTO-DI-MEMORIA-VI_scalata.jpg\" \/>\n<meta name=\"twitter:card\" content=\"summary_large_image\" \/>\n<meta name=\"twitter:label1\" content=\"Est. reading time\" \/>\n\t<meta name=\"twitter:data1\" content=\"4 minutes\" \/>\n<script type=\"application\/ld+json\" class=\"yoast-schema-graph\">{\"@context\":\"https:\\\/\\\/schema.org\",\"@graph\":[{\"@type\":\"WebPage\",\"@id\":\"https:\\\/\\\/www-2023.centromap.uniroma2.it\\\/identita\\\/\",\"url\":\"https:\\\/\\\/www-2023.centromap.uniroma2.it\\\/identita\\\/\",\"name\":\"MAP identit\u00e0\",\"isPartOf\":{\"@id\":\"https:\\\/\\\/www-2023.centromap.uniroma2.it\\\/#website\"},\"primaryImageOfPage\":{\"@id\":\"https:\\\/\\\/www-2023.centromap.uniroma2.it\\\/identita\\\/#primaryimage\"},\"image\":{\"@id\":\"https:\\\/\\\/www-2023.centromap.uniroma2.it\\\/identita\\\/#primaryimage\"},\"thumbnailUrl\":\"https:\\\/\\\/www-2023.centromap.uniroma2.it\\\/wp-content\\\/uploads\\\/2023\\\/10\\\/VUOTO-DI-MEMORIA-VI_scalata.jpg\",\"datePublished\":\"2024-01-15T07:12:38+00:00\",\"dateModified\":\"2024-04-28T13:02:10+00:00\",\"description\":\"MAP sviluppa ricerche e progetti sulle modalit\u00e0 in cui la memoria delle arti performative \u00e8 costruita, utilizzata e riattivata.\",\"breadcrumb\":{\"@id\":\"https:\\\/\\\/www-2023.centromap.uniroma2.it\\\/identita\\\/#breadcrumb\"},\"inLanguage\":\"en-GB\",\"potentialAction\":[{\"@type\":\"ReadAction\",\"target\":[\"https:\\\/\\\/www-2023.centromap.uniroma2.it\\\/identita\\\/\"]}]},{\"@type\":\"ImageObject\",\"inLanguage\":\"en-GB\",\"@id\":\"https:\\\/\\\/www-2023.centromap.uniroma2.it\\\/identita\\\/#primaryimage\",\"url\":\"https:\\\/\\\/www-2023.centromap.uniroma2.it\\\/wp-content\\\/uploads\\\/2023\\\/10\\\/VUOTO-DI-MEMORIA-VI_scalata.jpg\",\"contentUrl\":\"https:\\\/\\\/www-2023.centromap.uniroma2.it\\\/wp-content\\\/uploads\\\/2023\\\/10\\\/VUOTO-DI-MEMORIA-VI_scalata.jpg\"},{\"@type\":\"BreadcrumbList\",\"@id\":\"https:\\\/\\\/www-2023.centromap.uniroma2.it\\\/identita\\\/#breadcrumb\",\"itemListElement\":[{\"@type\":\"ListItem\",\"position\":1,\"name\":\"Home\",\"item\":\"https:\\\/\\\/www-2023.centromap.uniroma2.it\\\/\"},{\"@type\":\"ListItem\",\"position\":2,\"name\":\"identita\"}]},{\"@type\":\"WebSite\",\"@id\":\"https:\\\/\\\/www-2023.centromap.uniroma2.it\\\/#website\",\"url\":\"https:\\\/\\\/www-2023.centromap.uniroma2.it\\\/\",\"name\":\"MAP Centro Interuniversitario di Ricerca per la Memoria elle Arti Performative\",\"description\":\"Centro Interuniversitario di Ricerca per la Memoria delle Arti Performative\",\"publisher\":{\"@id\":\"https:\\\/\\\/www-2023.centromap.uniroma2.it\\\/#organization\"},\"alternateName\":\"centro MAP\",\"potentialAction\":[{\"@type\":\"SearchAction\",\"target\":{\"@type\":\"EntryPoint\",\"urlTemplate\":\"https:\\\/\\\/www-2023.centromap.uniroma2.it\\\/?s={search_term_string}\"},\"query-input\":{\"@type\":\"PropertyValueSpecification\",\"valueRequired\":true,\"valueName\":\"search_term_string\"}}],\"inLanguage\":\"en-GB\"},{\"@type\":\"Organization\",\"@id\":\"https:\\\/\\\/www-2023.centromap.uniroma2.it\\\/#organization\",\"name\":\"MAP centro interuniversitario di ricerca per la memoria delle arti performative\",\"url\":\"https:\\\/\\\/www-2023.centromap.uniroma2.it\\\/\",\"logo\":{\"@type\":\"ImageObject\",\"inLanguage\":\"en-GB\",\"@id\":\"https:\\\/\\\/www-2023.centromap.uniroma2.it\\\/#\\\/schema\\\/logo\\\/image\\\/\",\"url\":\"https:\\\/\\\/www-2023.centromap.uniroma2.it\\\/wp-content\\\/uploads\\\/2024\\\/04\\\/logo-web-transparent_130.png\",\"contentUrl\":\"https:\\\/\\\/www-2023.centromap.uniroma2.it\\\/wp-content\\\/uploads\\\/2024\\\/04\\\/logo-web-transparent_130.png\",\"width\":130,\"height\":117,\"caption\":\"MAP centro interuniversitario di ricerca per la memoria delle arti performative\"},\"image\":{\"@id\":\"https:\\\/\\\/www-2023.centromap.uniroma2.it\\\/#\\\/schema\\\/logo\\\/image\\\/\"}}]}<\/script>\n<!-- \/ Yoast SEO plugin. -->","yoast_head_json":{"title":"MAP identit\u00e0","description":"MAP sviluppa ricerche e progetti sulle modalit\u00e0 in cui la memoria delle arti performative \u00e8 costruita, utilizzata e riattivata.","robots":{"index":"index","follow":"follow","max-snippet":"max-snippet:-1","max-image-preview":"max-image-preview:large","max-video-preview":"max-video-preview:-1"},"canonical":"https:\/\/www-2023.centromap.uniroma2.it\/en\/identita\/","og_locale":"en_GB","og_type":"article","og_title":"MAP identit\u00e0","og_description":"MAP sviluppa ricerche e progetti sulle modalit\u00e0 in cui la memoria delle arti performative \u00e8 costruita, utilizzata e riattivata.","og_url":"https:\/\/www-2023.centromap.uniroma2.it\/en\/identita\/","og_site_name":"MAP","article_modified_time":"2024-04-28T13:02:10+00:00","og_image":[{"url":"https:\/\/www-2023.centromap.uniroma2.it\/wp-content\/uploads\/2023\/10\/VUOTO-DI-MEMORIA-VI_scalata.jpg","type":"","width":"","height":""}],"twitter_card":"summary_large_image","twitter_misc":{"Est. reading time":"4 minutes"},"schema":{"@context":"https:\/\/schema.org","@graph":[{"@type":"WebPage","@id":"https:\/\/www-2023.centromap.uniroma2.it\/identita\/","url":"https:\/\/www-2023.centromap.uniroma2.it\/identita\/","name":"MAP identit\u00e0","isPartOf":{"@id":"https:\/\/www-2023.centromap.uniroma2.it\/#website"},"primaryImageOfPage":{"@id":"https:\/\/www-2023.centromap.uniroma2.it\/identita\/#primaryimage"},"image":{"@id":"https:\/\/www-2023.centromap.uniroma2.it\/identita\/#primaryimage"},"thumbnailUrl":"https:\/\/www-2023.centromap.uniroma2.it\/wp-content\/uploads\/2023\/10\/VUOTO-DI-MEMORIA-VI_scalata.jpg","datePublished":"2024-01-15T07:12:38+00:00","dateModified":"2024-04-28T13:02:10+00:00","description":"MAP sviluppa ricerche e progetti sulle modalit\u00e0 in cui la memoria delle arti performative \u00e8 costruita, utilizzata e riattivata.","breadcrumb":{"@id":"https:\/\/www-2023.centromap.uniroma2.it\/identita\/#breadcrumb"},"inLanguage":"en-GB","potentialAction":[{"@type":"ReadAction","target":["https:\/\/www-2023.centromap.uniroma2.it\/identita\/"]}]},{"@type":"ImageObject","inLanguage":"en-GB","@id":"https:\/\/www-2023.centromap.uniroma2.it\/identita\/#primaryimage","url":"https:\/\/www-2023.centromap.uniroma2.it\/wp-content\/uploads\/2023\/10\/VUOTO-DI-MEMORIA-VI_scalata.jpg","contentUrl":"https:\/\/www-2023.centromap.uniroma2.it\/wp-content\/uploads\/2023\/10\/VUOTO-DI-MEMORIA-VI_scalata.jpg"},{"@type":"BreadcrumbList","@id":"https:\/\/www-2023.centromap.uniroma2.it\/identita\/#breadcrumb","itemListElement":[{"@type":"ListItem","position":1,"name":"Home","item":"https:\/\/www-2023.centromap.uniroma2.it\/"},{"@type":"ListItem","position":2,"name":"identita"}]},{"@type":"WebSite","@id":"https:\/\/www-2023.centromap.uniroma2.it\/#website","url":"https:\/\/www-2023.centromap.uniroma2.it\/","name":"MAP Centro Interuniversitario di Ricerca per la Memoria elle Arti Performative","description":"Interuniversity Research Centre for the Memory of the Performing Arts","publisher":{"@id":"https:\/\/www-2023.centromap.uniroma2.it\/#organization"},"alternateName":"centro MAP","potentialAction":[{"@type":"SearchAction","target":{"@type":"EntryPoint","urlTemplate":"https:\/\/www-2023.centromap.uniroma2.it\/?s={search_term_string}"},"query-input":{"@type":"PropertyValueSpecification","valueRequired":true,"valueName":"search_term_string"}}],"inLanguage":"en-GB"},{"@type":"Organization","@id":"https:\/\/www-2023.centromap.uniroma2.it\/#organization","name":"MAP centro interuniversitario di ricerca per la memoria delle arti performative","url":"https:\/\/www-2023.centromap.uniroma2.it\/","logo":{"@type":"ImageObject","inLanguage":"en-GB","@id":"https:\/\/www-2023.centromap.uniroma2.it\/#\/schema\/logo\/image\/","url":"https:\/\/www-2023.centromap.uniroma2.it\/wp-content\/uploads\/2024\/04\/logo-web-transparent_130.png","contentUrl":"https:\/\/www-2023.centromap.uniroma2.it\/wp-content\/uploads\/2024\/04\/logo-web-transparent_130.png","width":130,"height":117,"caption":"MAP centro interuniversitario di ricerca per la memoria delle arti performative"},"image":{"@id":"https:\/\/www-2023.centromap.uniroma2.it\/#\/schema\/logo\/image\/"}}]}},"_links":{"self":[{"href":"https:\/\/www-2023.centromap.uniroma2.it\/en\/wp-json\/wp\/v2\/pages\/1888","targetHints":{"allow":["GET"]}}],"collection":[{"href":"https:\/\/www-2023.centromap.uniroma2.it\/en\/wp-json\/wp\/v2\/pages"}],"about":[{"href":"https:\/\/www-2023.centromap.uniroma2.it\/en\/wp-json\/wp\/v2\/types\/page"}],"author":[{"embeddable":true,"href":"https:\/\/www-2023.centromap.uniroma2.it\/en\/wp-json\/wp\/v2\/users\/1"}],"replies":[{"embeddable":true,"href":"https:\/\/www-2023.centromap.uniroma2.it\/en\/wp-json\/wp\/v2\/comments?post=1888"}],"version-history":[{"count":12,"href":"https:\/\/www-2023.centromap.uniroma2.it\/en\/wp-json\/wp\/v2\/pages\/1888\/revisions"}],"predecessor-version":[{"id":2468,"href":"https:\/\/www-2023.centromap.uniroma2.it\/en\/wp-json\/wp\/v2\/pages\/1888\/revisions\/2468"}],"wp:attachment":[{"href":"https:\/\/www-2023.centromap.uniroma2.it\/en\/wp-json\/wp\/v2\/media?parent=1888"}],"curies":[{"name":"wp","href":"https:\/\/api.w.org\/{rel}","templated":true}]}}